{"id":7,"date":"2025-12-03T09:49:40","date_gmt":"2025-12-03T08:49:40","guid":{"rendered":"https:\/\/iota.enymserver.de\/impressum\/"},"modified":"2026-03-20T23:54:02","modified_gmt":"2026-03-20T22:54:02","slug":"impressum","status":"publish","type":"page","link":"https:\/\/www.startblock-b2.de\/en\/impressum\/","title":{"rendered":"Imprint"},"content":{"rendered":"<div style=\"height:100px\" aria-hidden=\"true\" class=\"wp-block-spacer\"><\/div>\n\n\n<p>Information according to \u00a7 5 DDG:<\/p>\n\t\t\t\t\t<p>Starting block B2<br>Siemens-Halske-Ring 2<br \/>\r\n03046 Cottbus<\/p><p>E-mail: <a href=\"mailto:mail@startblock-b2.de\">mail@startblock-b2.de<\/a><\/p><p>Represented by: EGC Entwicklungsgesellschaft Cottbus mbH <\/p><p>VAT ID number according to \u00a727a of the German VAT Act: DE164428525<\/p><h2 class=\"wp-block-heading\">Legal information<\/h2><p>EGC Entwicklungsgesellschaft Cottbus mbH stores and processes personal data for information and support purposes within the framework of economic development. This processing is carried out in accordance with Article 6 Paragraph 1 Letter a of the GDPR based on your consent and for the fulfillment of legal obligations.<br \/>\r\n<br \/>\r\nYour data will only be shared with partners (e.g., ILB, the City of Cottbus, government ministries) within the scope of cooperation and project tasks. Your data will be processed internally. Access is restricted to authorized EGC employees. You may withdraw your consent at any time with effect for the future.<br \/>\r\n<br \/>\r\nYou can find the full privacy policy at: <a href=\"https:\/\/www.egc-cottbus.de\/datenschutz\">https:\/\/www.egc-cottbus.de\/datenschutz<\/a><br \/>\r\n<br \/>\r\n<strong>Management<\/strong><br \/>\r\nTim Berndt<br \/>\r\n<br \/>\r\n<strong>Deputy Chairman of the Supervisory Board<\/strong><br \/>\r\n<br \/>\r\nMaik Ackermann<br \/>\r\n<br \/>\r\n<strong>Copyright and trademark law<\/strong><br \/>\r\nThe website owner holds the copyright to the copyrighted works (texts, photos, graphics, etc. \u2013 collectively referred to as &quot;materials&quot;) published on these web pages. Reproduction is only permitted within the limits of copyright law.\u00a0<strong>further<\/strong>\u00a0Use, reproduction, distribution, or publication requires the consent of the respective copyright holders or rights owners. Inquiries regarding this can be directed to the website owner, who will review the request and determine whether it can be granted. On the &quot;Download,&quot; &quot;Service,&quot; or &quot;Commercial Spaces&quot; pages, the website owner may establish separate usage rights for the materials offered there.<br \/>\r\n<br \/>\r\n<strong>Legal validity of this disclaimer<\/strong><br \/>\r\n<br \/>\r\nThis disclaimer is to be regarded as part of the internet publication from which you were referred to this page. If sections or individual terms of this statement are not legal or correct, the content or validity of the other parts remain unaffected.<br \/>\r\n<br \/>\r\n<strong>Gender note<\/strong><br \/>\r\nDear reader,<br \/>\r\nWe generally do not use gender-inclusive language in our texts in order to keep formulations as short and concise as possible. Therefore, we would like to clarify that when we use terms that do not refer to a specific gender group, we mean all genders. We explicitly advocate for gender equality.<br \/>\r\n<br \/>\r\n<strong>Note on how to contact us<\/strong><br \/>\r\nWe would like to point out that any contact with employees and management of EGC Entwicklungsgesellschaft Cottbus mbH for advertising purposes without our prior written consent is prohibited. In the event of a violation, we expressly reserve the right to take legal action, including injunctions and claims for damages.<\/p>\n\t\t\t\t\t<h2 class=\"wp-block-heading\">Liability for content<\/h2>\n\t\t\t\t\t<p>The free and publicly accessible content on this website has been created with the greatest possible care. However, the provider of this website assumes no liability for the accuracy and timeliness of the free and publicly accessible editorial content provided. Articles identified by name reflect the opinion of the respective author and not necessarily the opinion of the provider. Simply accessing the free and publicly accessible content does not establish any contractual relationship between the user and the provider, as the provider has no intention of entering into a legally binding agreement. As a service provider, we are only responsible for our own content on this site and are not obligated to monitor transmitted or stored third-party content, particularly during transmission, or to investigate circumstances that might indicate illegality. Obligations to remove or block the use of information under general law remain unaffected. However, liability in this respect is only possible from the point at which we become aware of a specific legal violation. Upon becoming aware of such legal violations, we will remove the relevant content immediately.<\/p>\n\t\t\t\t\t\n\t\t\t\t\t<h2 class=\"wp-block-heading\">Liability for links<\/h2>\n\t\t\t\t\t<p>This website contains links to third-party websites (\u201cexternal links\u201d). These websites are the responsibility of their respective operators. When initially linking to these external sites, the provider checked their content for legal violations. However, the provider has no influence on the future content of the linked pages. The inclusion of external links does not imply that the provider endorses the content behind the link. The provider cannot reasonably be expected to continuously monitor external links without specific indications of legal violations. However, upon becoming aware of any legal violations, such external links will be removed immediately.<\/p>\n\t\t\t\t\t\n\t\t\t\t\t<h2 class=\"wp-block-heading\">Copyright and related rights<\/h2>\n\t\t\t\t\t<p>The content published on this website is subject to German copyright and ancillary copyright law. Any use not permitted under German copyright and ancillary copyright law requires the prior written consent of the provider or respective rights holder. This applies in particular to the reproduction, editing, translation, storage, processing, or transmission of content in databases or other electronic media and systems. Third-party content and rights are identified as such. The unauthorized reproduction or distribution of individual pieces of content or entire pages is prohibited and punishable by law. Only the creation of copies and downloads for personal, private, and non-commercial use is permitted.<\/p>\n\t\t\t\t\t<p>Displaying this website in external frames is only permitted with written permission.<\/p>\n\t\t\t\t\t\n\t\t\t\t\t<h2 class=\"wp-block-heading\">Special Terms of Use<\/h2>\n\t\t\t\t\t<p>Where special conditions for individual uses of this website deviate from the aforementioned paragraphs, this will be expressly indicated at the relevant point. In such cases, the special terms of use apply in each individual case.<\/p>\n\t\t\t\t\t<h2 class=\"wp-block-heading\">Image rights<\/h2>\n\t\t\t\t\t<p><ul>\r\n \t<li>Bella Wuoo<\/li>\r\n \t<li>Andreas Franke<\/li>\r\n<\/ul><\/p><h2 class=\"wp-block-heading\">Further image sources<\/h2>\n\t\t\t\t\t<p>Unless otherwise indicated, all other images used are subject to the copyright of the website operator, EGC Entwicklungsgesellschaft Cottbus mbH, or a free license. Any other image sources are listed below. Copyright information is stored in the image metadata.<\/p>\n\t\t\t\t\t<ul class=\"wp-block-list enym-list\">\n\t\t\t\t\t<li>Depositphotos<\/li>\n\t\t\t\t\t<li>Unsplash<\/li>\n\t\t\t\t\t<li>Pexels<\/li>\n\t\t\t\t\t<li>Freepik<\/li>\n\t\t\t\t\t<\/ul><h2 class=\"wp-block-heading\">Technical implementation<\/h2>\n\t\t\t\t\t<p><a href=\"https:\/\/www.enym.com\/\" target=\"_blank\" rel=\"noreferrer noopener\">enym \u2013 media literacy<\/a> \/ Konstantin Schultes<\/p><p>enym \u2013 media literacy created <a href=\"https:\/\/www.enym.com\/wordpress-internetseiten-online-shops\/\">inexpensive websites<\/a> but also complex community platforms and <a href=\"https:\/\/www.enym.com\/wordpress-internetseiten-online-shops\/\">Shop systems<\/a>. We&#039;ll take care of it. <a href=\"https:\/\/www.enym.com\/wordpress-schulungen\/\">training<\/a> and <a href=\"https:\/\/www.enym.com\/wordpress-wartung-site-management\/\">Ongoing administration (site management)<\/a> Your web presence, ensuring your website is always up-to-date, secure, performs well, and is reliably accessible. Our core services also include <a href=\"https:\/\/www.enym.com\/social-media-management\/\">Social Media Management<\/a> and <a href=\"https:\/\/www.enym.com\/suchmaschinenoptimierung-seo-marketing\/\">Search engine optimization<\/a>. <strong>enym \u2013 media literacy<\/strong> is your partner for all media formats. We recently added services related to the following topics: <a href=\"https:\/\/www.enym.com\/wordpress-wartung-site-management\/\">Site Management<\/a> and <a href=\"https:\/\/www.enym.com\/suchmaschinenoptimierung-seo-marketing\/\">Search engine optimization<\/a>. Furthermore, we are a certified provider of in-house training. <a href=\"https:\/\/www.enym.com\/wordpress-schulungen\/\">WordPress training<\/a> for your employees and adapt all implemented systems precisely to your needs.<\/p>\n\t\t\t\t\t<div class=\"enym-abstract last-update\"><strong>This data record was last checked on: March 20, 2026<\/strong><\/div>","protected":false},"excerpt":{"rendered":"Angaben gem\u00e4\u00df \u00a7 5 DDG: Startblock B2Siemens-Halske-Ring 2 03046 CottbusE-Mail: mail@startblock-b2.deVertreten durch: EGC Entwicklungsgesellschaft Cottbus mbH Umsatzsteuer-ID nach \u00a727a Umsatzsteuergesetz: DE164428525Rechtliche AngabenDie EGC Entwicklungsgesellschaft Cottbus mbH speichert und verarbeitet personenbezogene Daten zur Information und Unterst\u00fctzung im Rahmen der Wirtschaftsf\u00f6rderung. Die Verarbeitung erfolgt gem\u00e4\u00df Art. 6 Abs. 1 lit. a DSGVO auf Grundlage Ihrer Einwilligung sowie&hellip;","protected":false},"author":2,"featured_media":341,"parent":0,"menu_order":0,"comment_status":"close","ping_status":"close","template":"","meta":{"_seopress_robots_primary_cat":"","_seopress_titles_title":"","_seopress_titles_desc":"","_seopress_robots_index":"","footnotes":""},"class_list":["post-7","page","type-page","status-publish","has-post-thumbnail","hentry","entry","has-media"],"_links":{"self":[{"href":"https:\/\/www.startblock-b2.de\/en\/wp-json\/wp\/v2\/pages\/7","targetHints":{"allow":["GET"]}}],"collection":[{"href":"https:\/\/www.startblock-b2.de\/en\/wp-json\/wp\/v2\/pages"}],"about":[{"href":"https:\/\/www.startblock-b2.de\/en\/wp-json\/wp\/v2\/types\/page"}],"author":[{"embeddable":true,"href":"https:\/\/www.startblock-b2.de\/en\/wp-json\/wp\/v2\/users\/2"}],"replies":[{"embeddable":true,"href":"https:\/\/www.startblock-b2.de\/en\/wp-json\/wp\/v2\/comments?post=7"}],"version-history":[{"count":1,"href":"https:\/\/www.startblock-b2.de\/en\/wp-json\/wp\/v2\/pages\/7\/revisions"}],"predecessor-version":[{"id":2753,"href":"https:\/\/www.startblock-b2.de\/en\/wp-json\/wp\/v2\/pages\/7\/revisions\/2753"}],"wp:featuredmedia":[{"embeddable":true,"href":"https:\/\/www.startblock-b2.de\/en\/wp-json\/wp\/v2\/media\/341"}],"wp:attachment":[{"href":"https:\/\/www.startblock-b2.de\/en\/wp-json\/wp\/v2\/media?parent=7"}],"curies":[{"name":"wp","href":"https:\/\/api.w.org\/{rel}","templated":true}]}}